{"id":37,"date":"2010-11-29T16:01:30","date_gmt":"2010-11-29T16:01:30","guid":{"rendered":"http:\/\/www.supportingchange.org\/?page_id=37"},"modified":"2022-10-11T09:21:15","modified_gmt":"2022-10-11T09:21:15","slug":"about-matthias-schickhofer-2","status":"publish","type":"page","link":"http:\/\/www.supportingchange.org\/?page_id=37","title":{"rendered":"About Matthias Schickhofer"},"content":{"rendered":"<p><a href=\"http:\/\/www.supportingchange.org\/wp-content\/uploads\/2010\/11\/Schickhofer2.jpg\"><img loading=\"lazy\" class=\"alignleft size-medium wp-image-288\" title=\"Schickhofer2\" src=\"http:\/\/www.supportingchange.org\/wp-content\/uploads\/2010\/11\/Schickhofer2-256x300.jpg\" alt=\"\" width=\"256\" height=\"300\" srcset=\"http:\/\/www.supportingchange.org\/wp-content\/uploads\/2010\/11\/Schickhofer2-256x300.jpg 256w, http:\/\/www.supportingchange.org\/wp-content\/uploads\/2010\/11\/Schickhofer2-614x720.jpg 614w, http:\/\/www.supportingchange.org\/wp-content\/uploads\/2010\/11\/Schickhofer2-341x400.jpg 341w, http:\/\/www.supportingchange.org\/wp-content\/uploads\/2010\/11\/Schickhofer2-300x351.jpg 300w, http:\/\/www.supportingchange.org\/wp-content\/uploads\/2010\/11\/Schickhofer2.jpg 635w\" sizes=\"(max-width: 256px) 100vw, 256px\" \/><\/a><\/p>\n<p>After 17 years working with Greenpeace (Austria, CEE, International) I started my freelance consultancy and photography career in 2007. Empowerment for justice and freedom and safeguarding nature and life on earth has been my predominant motivation from the very beginning &#8211; as an activist against nuclear power and nature destruction through roads. My focus as a consultant is on campaigning, communication\/PR and photography. In my 17 years with Greenpeace (starting in 1990) I had the chance to learn professional skills as a Campaigner (climate, air pollution, transport, genetic engineering\u2026), Campaign Director (Greenpeace Austria), Communication Director (Greenpeace Austria), Programme Director (Greenpeace CEE), Communication Manager (Greenpeace International) and Campaign Coordinator (Genetic Engineering and Toxics, Greenpeace International).<\/p>\n<p>In 1996 and 1997 I was one of the initiators of the \u201cGentechnik Volksbgegehren\u201d (Genetic Engineering Public Petition Campaign) in Austria (1997) \u2013 which gained more than 1,2 millions signatures and made Austria de facto GMO-free.<\/p>\n<p>In the years with Greenpeace I had the privilege to\u00a0 develop and implement a large number of campaigns, including the international Genetic Engineering Campaign of Greenpeace.<\/p>\n<p>I was involved in the establishment of Greenpeace CEE (regional office comprising opening and developing Greenpeace offices in Hungary, Slovakia, Poland and Romania).<\/p>\n<p>As a creative mind with social competencies and sensitivity (background: studies on psychology, University of Vienna) I can build on a vast experience in all sorts of campaign and communication needs. I am also skilled trainer and mentor with a focus on strategy making, campaign and communication techniques, project work and team collaboration.<\/p>\n<p>Among my clients in the recent years there are EuroNatur, WWF, Vier Pfoten\/Four Paws International, Club of Rome, Greenpeace International, Greenpeace Germany, Greenpeace CEE, Greenpeace Med, \u00a0&#8220;Europe for Tibet&#8221; (Tibet solidarity rally with H.H. the 14. Dalai Lama), Gr\u00fcne Wirtschaft\/Green Entrepreneurs (Austria), Erwin Wagenhofer \/ Prisma Film, FOE Austria \/ Global 2000, SLOGA-Platform Slovenia, Fundraising Verband Austria, I\u00d6GV, \u00d6sterreichisches Sendeng\u00fctesiegel, VC\u00d6-Verkehrsclub \u00d6sterreich, \u00d6kob\u00fcro, World Awards Media.<\/p>\n<p>Photography is my special passion. I am an experienced (artistic) nature and press \/ reportage photographer. My images can be searched and purchased also with my Agency partners <a href=\"http:\/\/www.asablanca.com\/?50339900236899273096\" target=\"_blank\" rel=\"noopener noreferrer\">ASAblanca<\/a> and <a href=\"http:\/\/www.neuebildanstalt.de\/neuebildanstalt-cgi\/topixx?op=thumbnails1&amp;string=neuebildanstalt\/Schickhofer\" target=\"_blank\" rel=\"noopener noreferrer\">neuebildanstalt<\/a> (Hamburg).<\/p>\n<p><span style=\"font-size: revert; color: initial;\">In April 2022 my newest (photography) book about unexpected wilderness next door\u00a0<a href=\"https:\/\/www.brandstaetterverlag.com\/buch\/wildes-waldviertel\/\" target=\"_blank\" rel=\"noopener\">Wildes Waldviertel\u00a0<\/a>\u00a0was published with Brandst\u00e4tter publishing house.<\/span><\/p>\n<p><span style=\"font-size: revert; color: initial;\">My earlier books\u00a0<\/span><a style=\"font-size: revert;\" href=\"https:\/\/www.brandstaetterverlag.com\/buch\/schwarzbuch-alpen\" target=\"_blank\" rel=\"noopener\">Schwarzbuch Alpen<\/a><span style=\"font-size: revert; color: initial;\"> (2016, Brandst\u00e4tter publishing house; ITB award 2015),<\/span><span style=\"font-size: revert; color: initial;\">\u00a0<\/span><a style=\"font-size: revert;\" href=\"https:\/\/www.brandstaetterverlag.com\/buch\/unser-urwald\" target=\"_blank\" rel=\"noopener noreferrer\">&#8220;Unser Urwald. Die letzten wilden W\u00e4lder im Herzen Europas&#8221;<\/a><span style=\"font-size: revert; color: initial;\"> (2015, Brandst\u00e4tter publishing house) and &#8220;Urwald in \u00d6sterreich&#8221; (2013, Brandst\u00e4tter publishing house) are sold out.<\/span><\/p>\n<p>In the year 2000 I published the book \u201cPlanet der W\u00e4lder\u201d (Echo, Wien; together with Wolfgang Pekny).<\/p>\n<p>In 2010 I co-authored the book <a href=\"http:\/\/www.amazon.de\/gr\u00fcne-Guide-erste-Ratgeber-nachhaltiges\/dp\/3950265864\" target=\"_blank\" rel=\"noopener noreferrer\">\u201cDer Gr\u00fcne Guide\u201d<\/a> (Prima-Vista, Wien; together with Georg Kindel).<\/p>\n<p>Among others I published articles and photo-features in &#8220;Datum&#8221;, &#8220;33% Waldmagazin&#8221;, \u201cUniversum Magazin\u201d, &#8220;Biorama&#8221;, &#8220;Der Standard&#8221;, &#8220;profil&#8221;, &#8220;Salzburger Nachrichten&#8221;, &#8220;Kurier&#8221;, &#8220;News&#8221;, \u201cACT\u201d (Greenpeace magazine) and \u201cVC\u00d6-Magazin\u201d.<br \/>\nPhotographs were also published by Geo and the S\u00fcddeutsche Zeitung, among others.<\/p>\n<p>I am a global nomad at heart and thus I love traveling and mountaineering\/trekking.<\/p>\n<div id=\"attachment_62\" style=\"width: 624px\" class=\"wp-caption alignnone\"><a href=\"http:\/\/www.schickhofer-photography.com\" target=\"_blank\" rel=\"noopener noreferrer\"><img aria-describedby=\"caption-attachment-62\" loading=\"lazy\" class=\"size-large wp-image-62\" title=\"Hidden Wilderness of Vienna\" src=\"http:\/\/www.supportingchange.org\/wp-content\/uploads\/2010\/12\/APR0516p-1024x680.jpg\" alt=\"\" width=\"614\" height=\"408\" srcset=\"http:\/\/www.supportingchange.org\/wp-content\/uploads\/2010\/12\/APR0516p-1024x680.jpg 1024w, http:\/\/www.supportingchange.org\/wp-content\/uploads\/2010\/12\/APR0516p-300x199.jpg 300w, http:\/\/www.supportingchange.org\/wp-content\/uploads\/2010\/12\/APR0516p-950x630.jpg 950w, http:\/\/www.supportingchange.org\/wp-content\/uploads\/2010\/12\/APR0516p-462x306.jpg 462w, http:\/\/www.supportingchange.org\/wp-content\/uploads\/2010\/12\/APR0516p.jpg 1200w\" sizes=\"(max-width: 614px) 100vw, 614px\" \/><\/a><p id=\"caption-attachment-62\" class=\"wp-caption-text\">(c) Matthias Schickhofer<\/p><\/div>\n","protected":false},"excerpt":{"rendered":"<p>After 17 years working with Greenpeace (Austria, CEE, International) I started my freelance consultancy and photography career in 2007. Empowerment for justice and freedom and safeguarding nature and life on earth has been my predominant motivation from the very beginning &#8211; as an activist against nuclear power and nature destruction through roads. My focus as [&hellip;]<\/p>\n","protected":false},"author":2,"featured_media":0,"parent":0,"menu_order":0,"comment_status":"closed","ping_status":"closed","template":"","meta":[],"_links":{"self":[{"href":"http:\/\/www.supportingchange.org\/index.php?rest_route=\/wp\/v2\/pages\/37"}],"collection":[{"href":"http:\/\/www.supportingchange.org\/index.php?rest_route=\/wp\/v2\/pages"}],"about":[{"href":"http:\/\/www.supportingchange.org\/index.php?rest_route=\/wp\/v2\/types\/page"}],"author":[{"embeddable":true,"href":"http:\/\/www.supportingchange.org\/index.php?rest_route=\/wp\/v2\/users\/2"}],"replies":[{"embeddable":true,"href":"http:\/\/www.supportingchange.org\/index.php?rest_route=%2Fwp%2Fv2%2Fcomments&post=37"}],"version-history":[{"count":54,"href":"http:\/\/www.supportingchange.org\/index.php?rest_route=\/wp\/v2\/pages\/37\/revisions"}],"predecessor-version":[{"id":950,"href":"http:\/\/www.supportingchange.org\/index.php?rest_route=\/wp\/v2\/pages\/37\/revisions\/950"}],"wp:attachment":[{"href":"http:\/\/www.supportingchange.org\/index.php?rest_route=%2Fwp%2Fv2%2Fmedia&parent=37"}],"curies":[{"name":"wp","href":"https:\/\/api.w.org\/{rel}","templated":true}]}}